{"id":594,"date":"2024-01-03T06:40:12","date_gmt":"2024-01-03T05:40:12","guid":{"rendered":"https:\/\/caylashop.de\/?page_id=594"},"modified":"2024-01-03T06:40:12","modified_gmt":"2024-01-03T05:40:12","slug":"politikasi","status":"publish","type":"page","link":"https:\/\/caylashop.de\/?page_id=594","title":{"rendered":"\u200bAl\u0131\u015fveri\u015f ve Gizlilik politikasi"},"content":{"rendered":"<div class=\"\" style=\"\" >\n    \n    <section class=\"u-align-center u-clearfix u-section-2\" id=\"sec-bf6f\">\n      <div class=\"u-clearfix u-sheet u-sheet-1\">\n        <div class=\"custom-expanded u-tab-links-align-left u-tabs u-tabs-1\">\n          <ul class=\"u-border-2 u-border-palette-1-base u-spacing-10 u-tab-list u-unstyled\" role=\"tablist\"><li class=\"u-tab-item\" role=\"presentation\"><a class=\"active u-active-palette-1-base u-button-style u-custom-font u-font-oswald u-grey-10 u-tab-link u-text-active-white u-text-black u-tab-link-1\" id=\"link-tab-0da5\" href=\"#tab-0da5\" role=\"tab\" aria-controls=\"tab-0da5\" aria-selected=\"true\"> Gizlilik Politikas\u0131<\/a>\n<\/li><li class=\"u-tab-item\" role=\"presentation\"><a class=\"u-active-palette-1-base u-button-style u-custom-font u-font-oswald u-grey-10 u-tab-link u-text-active-white u-text-black u-tab-link-2\" id=\"link-tab-14b7\" href=\"#tab-14b7\" role=\"tab\" aria-controls=\"tab-14b7\" aria-selected=\"false\"> Al\u0131\u015fveri\u015f Politikas\u0131<\/a>\n<\/li><li class=\"u-tab-item u-tab-item-3\" role=\"presentation\"><a class=\"u-active-palette-1-base u-button-style u-custom-font u-font-oswald u-grey-10 u-tab-link u-text-active-white u-text-black u-tab-link-3\" id=\"tab-93fc\" href=\"#link-tab-93fc\" role=\"tab\" aria-controls=\"link-tab-93fc\" aria-selected=\"false\">Questions<\/a>\n<\/li><\/ul>\n          <div class=\"u-tab-content\">\n            <div class=\"u-container-style u-tab-active u-tab-pane u-white u-tab-pane-1\" id=\"tab-0da5\" role=\"tabpanel\" aria-labelledby=\"link-tab-0da5\">\n              <div class=\"u-container-layout u-container-layout-1\">\n                <p class=\"u-custom-font u-font-oswald u-text u-text-default u-text-1\">\n                  <span style=\"font-size: 1.25rem; text-decoration: underline !important;\">Kapsam<\/span>\n                  <br>Bu bildirim, Han Naturalhizmetleri ve web siteleri i\u00e7in (toplu olarak Han Natural' in hizmetleri) ge\u00e7erlidir. Toplad\u0131\u011f\u0131m\u0131z Ki\u015fisel Bilgiler ve di\u011fer veriler;<br>Han Naturalhizmetine kaydoldu\u011funuzda veya ba\u015fka bir \u015fekilde bu t\u00fcr bilgileri iste\u011finizle verdi\u011finizde ki\u015fisel bilgiler toplan\u0131r. Sizin i\u00e7in i\u00e7eri\u011fi \u00f6zelle\u015ftirmek dahil, daha iyi bir kullan\u0131c\u0131 deneyimi sunmak amac\u0131yla, sizden ald\u0131\u011f\u0131m\u0131z ki\u015fisel bilgileri di\u011fer Han Naturalhizmetlerinden veya \u00fc\u00e7\u00fcnc\u00fc taraflardan ald\u0131\u011f\u0131m\u0131z bilgilerle birle\u015ftirebiliriz.<br>Han Naturalonline deneyiminizi geli\u015ftirmek ve hizmetlerimizin kalitesini art\u0131rmak i\u00e7in Han Naturalhizmetlerini nas\u0131l kulland\u0131\u011f\u0131n\u0131z hakk\u0131nda bilgi edinmek amac\u0131yla \u00e7erezler kullan\u0131r.<br>Han Natural\u2019\u0131n sunucular\u0131, web sitemizi ziyaret etti\u011finizde veya \u00fcr\u00fcnlerimizden baz\u0131lar\u0131n\u0131 kulland\u0131\u011f\u0131n\u0131zda URL, IP adresi, taray\u0131c\u0131 t\u00fcr\u00fc ile dili ve iste\u011finizin tarihiyle saati dahil olmak \u00fczere bu t\u00fcr bilgileri otomatik olarak kaydeder.<br>\n                  <br>\n                  <span style=\"font-size: 1.25rem; text-decoration: underline !important;\">Kullan\u0131mlar<\/span>\n                  <br>Ki\u015fisel bilgileri, \u00f6zelle\u015ftirilmi\u015f i\u00e7erik ve reklam g\u00f6steren hizmetler dahil olmak \u00fczere, istedi\u011finiz hizmetleri sa\u011flamak i\u00e7in kullanabiliriz.<br>Ki\u015fisel bilgileri Han Naturalteknolojilerini ve hizmetlerini kullanmak ve iyile\u015ftirmek i\u00e7in denetleme, ara\u015ft\u0131rma ve analiz amac\u0131yla da kullanabiliriz.<br>Ki\u015fisel bilgilerinizi i\u015fleme koymam\u0131z i\u00e7in bize yard\u0131mc\u0131 olmas\u0131 amac\u0131yla \u00fc\u00e7\u00fcnc\u00fc taraflardan yararland\u0131\u011f\u0131m\u0131zda, Gizlilik Politikam\u0131za ve di\u011fer gerekli gizlilik ve g\u00fcvenlik \u00f6nlemlerine uymalar\u0131n\u0131 \u015fart ko\u015far\u0131z.<br>Ayr\u0131ca bu t\u00fcr bilgileri yasal i\u015flemler uyar\u0131nca, sahtekarl\u0131\u011f\u0131 veya zarar g\u00f6rmeyi \u00f6nleme ve a\u011f\u0131m\u0131zla hizmetlerimizin g\u00fcvenli\u011fini sa\u011flama amac\u0131yla oldu\u011fu gibi baz\u0131 s\u0131n\u0131rl\u0131 durumlarda \u00fc\u00e7\u00fcnc\u00fc taraflarla payla\u015fabiliriz.<br>\n                  <br>\n                  <span style=\"font-size: 1.25rem; text-decoration: underline !important;\">Se\u00e7enekleriniz<\/span>\n                  <br>Ki\u015fisel bilgiler isterken size m\u00fcmk\u00fcn oldu\u011funca makul se\u00e7enekler sunar\u0131z. Se\u00e7enekleriniz hakk\u0131nda daha fazla bilgiyi gizlilik bildirimlerinizde veya belirli hizmetler i\u00e7in SSS\u2019 lerde bulabilirsiniz.<br>Bize ki\u015fisel bilgi vermeyi reddedebilirsiniz ve\/veya taray\u0131c\u0131n\u0131zda \u00e7erez kullan\u0131lmas\u0131na izin vermeyebilirsiniz. Ancak, bunun sonucunda baz\u0131 \u00f6zelliklerimiz ve hizmetlerimiz d\u00fczg\u00fcn \u00e7al\u0131\u015fmayabilir.<br>Ki\u015fisel bilgilerinize istedi\u011finiz zaman eri\u015febilmenizi sa\u011flamak ve bilgilerde yanl\u0131\u015fl\u0131k varsa d\u00fczeltmenize ve silebilmenize olanak tan\u0131mak i\u00e7in makul \u015fartlarda ve iyi niyetle \u00e7aba g\u00f6steriyoruz.<br>\n                  <br>\n                <\/p>\n              <\/div>\n            <\/div>\n            <div class=\"u-container-style u-tab-pane u-white u-tab-pane-2\" id=\"tab-14b7\" role=\"tabpanel\" aria-labelledby=\"link-tab-14b7\">\n              <div class=\"u-container-layout u-valign-top u-container-layout-2\">\n                <p class=\"u-custom-font u-font-oswald u-text u-text-default u-text-2\">\n                  <span style=\"font-size: 1.25rem; text-decoration: underline !important;\">Sipari\u015f Teslimat\u0131 ve Kargo<\/span>\n                  <br>Firmam\u0131z&nbsp; Kargo ile \u00e7al\u0131\u015fmaktad\u0131r. Kargo genellikle b\u00fcy\u00fck \u015fehirlere 7 g\u00fcn kaza ve il\u00e7elere de 7-10 g\u00fcn i\u00e7inde teslimat yapabilmektedir. Unutulmamal\u0131d\u0131r ki ola\u011fan \u00fcst\u00fc haller, m\u00fccbir sebepler, hava ve yol ko\u015fullar\u0131ndaki olumsuzluklar teslimat s\u00fcrelerini de\u011fi\u015ftirebilmektedir. Dolay\u0131s\u0131yla kargo teslimatlar\u0131ndaki gecikmelerden firmam\u0131z sorumlu olmay\u0131p, kargo firmas\u0131n\u0131n insiyatifindedir.Pazartesi-Cuma g\u00fcnleri i\u00e7erisindeki&nbsp; sipari\u015fler ertesi g\u00fcn i\u015fleme al\u0131n\u0131r. Bayram ve tatil g\u00fcnlerinde i\u015flem yap\u0131lmamaktad\u0131r.<br>\n                  <br>\n                  <span style=\"font-size: 1.25rem; text-decoration: underline !important;\">Teslimatta Dikkat Edilmesi Gereken Hususlar ;<\/span>\n                  <br>M\u00fc\u015fteri paketi teslim al\u0131rken baz\u0131 hususlara \u00f6zellikle dikkat etmelidir. Dikkat edilmemesi halinde paketin size sorunsuz bir \u015fekilde ula\u015ft\u0131r\u0131ld\u0131\u011f\u0131 kabul edilir.<br>\n                  <br>\n                  <span style=\"font-size: 1.25rem; text-decoration: underline !important;\">Paket Kontrol\u00fc :<\/span>\n                  <br>Paket size ula\u015ft\u0131\u011f\u0131nda fiziksel olarak zarar g\u00f6r\u00fcp g\u00f6rmedi\u011fini kontrol edin. Ezilmi\u015f, y\u0131rt\u0131lm\u0131\u015f, a\u00e7\u0131lm\u0131\u015f paketleri mutlaka kargo yetilisi e\u015fli\u011finde a\u00e7arak kontrol edin. Beklenmedik bir durum olu\u015ftuysa paketi teslim almay\u0131p kargo yetkilisine tutanak tutturarak taraf\u0131m\u0131za iade edilmesini sa\u011flay\u0131n.<br>\n                  <br>\n                  <span style=\"font-size: 1.25rem; text-decoration: underline !important;\">Fatura kontrol\u00fc:<\/span>\n                  <br>Paketiniz \u00fczerinde taraf\u0131m\u0131zca kesilmi\u015f faturan\u0131n \u00fcr\u00fcnle birlikte oldu\u011funa dikkat edin. Fatura iade\/de\u011fi\u015fim i\u015flemleri i\u00e7in gerekli olacakt\u0131r. Olmamas\u0131 halinde \u00fcr\u00fcn\u00fc teslim almay\u0131n ve bizimle ileti\u015fime ge\u00e7in.<br>\n                  <br>\n                  <span style=\"font-size: 1.25rem; text-decoration: underline !important;\">Hasars\u0131z G\u00f6r\u00fcnen Paketler:<\/span>\n                  <br>Baz\u0131 durumlarda paket d\u0131\u015far\u0131dan bak\u0131ld\u0131\u011f\u0131nda zarar g\u00f6rmemi\u015f olsa bile i\u00e7indeki \u00fcr\u00fcnler her hangi bir sebepten dolay\u0131 zarar g\u00f6rm\u00fc\u015f olabilir. Kap\u0131n\u0131za gelen sipari\u015fi kargo yetkilisinin yan\u0131nda a\u00e7\u0131p faturas\u0131 ile kar\u015f\u0131la\u015ft\u0131rarak, bir hata, eksiklik ve tahribat olup olmad\u0131\u011f\u0131n\u0131 kontrol ediniz. Alm\u0131\u015f oldu\u011funuz \u00fcr\u00fcnde tahribat veya eksiklik olmas\u0131 ko\u015fulunda kargo g\u00f6revlisinin yard\u0131m\u0131 ile tutaca\u011f\u0131n\u0131z tutanakta belirtip, \u00fcr\u00fcn\u00fc kargo yetkilisine teslim ediniz. Aksi halde \u00fcr\u00fcn\u00fc eksiksiz ald\u0131\u011f\u0131n\u0131z kabul edilip iade i\u015flemi ger\u00e7ekle\u015ftirilmez.\n                <\/p>\n              <\/div>\n            <\/div>\n            <div class=\"u-container-style u-tab-pane u-white u-tab-pane-3\" id=\"link-tab-93fc\" role=\"tabpanel\" aria-labelledby=\"tab-93fc\">\n              <div class=\"u-container-layout u-container-layout-3\"><\/div>\n            <\/div>\n          <\/div>\n        <\/div>\n      <\/div>\n    <\/section>\n    \n    \n    \n    \n  \n<\/div>","protected":false},"excerpt":{"rendered":"<p>Gizlilik Politikas\u0131 Al\u0131\u015fveri\u015f Politikas\u0131 Questions Kapsam Bu bildirim, Han Naturalhizmetleri ve web siteleri i\u00e7in (toplu olarak Han Natural&#8217; in hizmetleri) ge\u00e7erlidir. Toplad\u0131\u011f\u0131m\u0131z Ki\u015fisel Bilgiler ve di\u011fer veriler;Han Naturalhizmetine kaydoldu\u011funuzda veya ba\u015fka bir \u015fekilde bu t\u00fcr bilgileri iste\u011finizle verdi\u011finizde ki\u015fisel bilgiler toplan\u0131r. Sizin i\u00e7in i\u00e7eri\u011fi \u00f6zelle\u015ftirmek dahil, daha iyi bir kullan\u0131c\u0131 deneyimi sunmak amac\u0131yla, sizden ald\u0131\u011f\u0131m\u0131z [&hellip;]<\/p>\n","protected":false},"author":1,"featured_media":0,"parent":0,"menu_order":0,"comment_status":"closed","ping_status":"closed","template":"","meta":{"zakra_page_container_layout":"customizer","zakra_page_sidebar_layout":"customizer","zakra_remove_content_margin":false,"zakra_sidebar":"customizer","zakra_transparent_header":"customizer","zakra_logo":0,"zakra_main_header_style":"default","zakra_menu_item_color":"","zakra_menu_item_hover_color":"","zakra_menu_item_active_color":"","zakra_menu_active_style":"","zakra_page_header":true,"om_disable_all_campaigns":false,"_monsterinsights_skip_tracking":false,"_monsterinsights_sitenote_active":false,"_monsterinsights_sitenote_note":"","_monsterinsights_sitenote_category":0,"footnotes":""},"class_list":["post-594","page","type-page","status-publish","hentry"],"aioseo_notices":[],"jetpack_sharing_enabled":true,"_links":{"self":[{"href":"https:\/\/caylashop.de\/index.php?rest_route=\/wp\/v2\/pages\/594","targetHints":{"allow":["GET"]}}],"collection":[{"href":"https:\/\/caylashop.de\/index.php?rest_route=\/wp\/v2\/pages"}],"about":[{"href":"https:\/\/caylashop.de\/index.php?rest_route=\/wp\/v2\/types\/page"}],"author":[{"embeddable":true,"href":"https:\/\/caylashop.de\/index.php?rest_route=\/wp\/v2\/users\/1"}],"replies":[{"embeddable":true,"href":"https:\/\/caylashop.de\/index.php?rest_route=%2Fwp%2Fv2%2Fcomments&post=594"}],"version-history":[{"count":4,"href":"https:\/\/caylashop.de\/index.php?rest_route=\/wp\/v2\/pages\/594\/revisions"}],"predecessor-version":[{"id":604,"href":"https:\/\/caylashop.de\/index.php?rest_route=\/wp\/v2\/pages\/594\/revisions\/604"}],"wp:attachment":[{"href":"https:\/\/caylashop.de\/index.php?rest_route=%2Fwp%2Fv2%2Fmedia&parent=594"}],"curies":[{"name":"wp","href":"https:\/\/api.w.org\/{rel}","templated":true}]}}