{"id":532,"date":"2024-01-02T22:57:43","date_gmt":"2024-01-02T21:57:43","guid":{"rendered":"https:\/\/caylashop.de\/?page_id=532"},"modified":"2024-01-03T01:29:05","modified_gmt":"2024-01-03T00:29:05","slug":"mein-konto","status":"publish","type":"page","link":"https:\/\/caylashop.de\/?page_id=532","title":{"rendered":"mein Konto"},"content":{"rendered":"\t\t<div data-elementor-type=\"wp-page\" data-elementor-id=\"532\" class=\"elementor elementor-532\">\n\t\t\t\t<div class=\"elementor-element elementor-element-a6f96f0 e-con-full e-flex e-con e-parent\" data-id=\"a6f96f0\" data-element_type=\"container\" data-e-type=\"container\">\n\t\t\t\t<div class=\"elementor-element elementor-element-941cfb3 elementor-widget elementor-widget-shortcode\" data-id=\"941cfb3\" data-element_type=\"widget\" data-e-type=\"widget\" data-widget_type=\"shortcode.default\">\n\t\t\t\t<div class=\"elementor-widget-container\">\n\t\t\t\t\t\t\t<div class=\"elementor-shortcode\"><div class=\"woocommerce\"><div class=\"woocommerce-notices-wrapper\"><\/div>\n\n<div class=\"u-columns col2-set\" id=\"customer_login\">\n\n\t<div class=\"u-column1 col-1\">\n\n\n\t\t<h2>Giri\u015f Yap<\/h2>\n\n\t\t<form class=\"woocommerce-form woocommerce-form-login login\" method=\"post\" novalidate>\n\n\t\t\t\n\t\t\t<p class=\"woocommerce-form-row woocommerce-form-row--wide form-row form-row-wide\">\n\t\t\t\t<label for=\"username\">Kullan\u0131c\u0131 ad\u0131 veya e-posta adresi&nbsp;<span class=\"required\" aria-hidden=\"true\">*<\/span><span class=\"screen-reader-text\">Gerekli<\/span><\/label>\n\t\t\t\t<input type=\"text\" class=\"woocommerce-Input woocommerce-Input--text input-text\" name=\"username\" id=\"username\" autocomplete=\"username\" value=\"\" required aria-required=\"true\" \/>\t\t\t<\/p>\n\t\t\t<p class=\"woocommerce-form-row woocommerce-form-row--wide form-row form-row-wide\">\n\t\t\t\t<label for=\"password\">Parola&nbsp;<span class=\"required\" aria-hidden=\"true\">*<\/span><span class=\"screen-reader-text\">Gerekli<\/span><\/label>\n\t\t\t\t<input class=\"woocommerce-Input woocommerce-Input--text input-text\" type=\"password\" name=\"password\" id=\"password\" autocomplete=\"current-password\" required aria-required=\"true\" \/>\n\t\t\t<\/p>\n\n\t\t\t\n\t\t\t<p class=\"form-row\">\n\t\t\t\t<label class=\"woocommerce-form__label woocommerce-form__label-for-checkbox woocommerce-form-login__rememberme\">\n\t\t\t\t\t<input class=\"woocommerce-form__input woocommerce-form__input-checkbox\" name=\"rememberme\" type=\"checkbox\" id=\"rememberme\" value=\"forever\" \/> <span>Beni hat\u0131rla<\/span>\n\t\t\t\t<\/label>\n\t\t\t\t<input type=\"hidden\" id=\"woocommerce-login-nonce\" name=\"woocommerce-login-nonce\" value=\"ee27cb03b2\" \/><input type=\"hidden\" name=\"_wp_http_referer\" value=\"\/index.php?rest_route=%2Fwp%2Fv2%2Fpages%2F532\" \/>\t\t\t\t<button type=\"submit\" class=\"woocommerce-button button woocommerce-form-login__submit\" name=\"login\" value=\"Giri\u015f Yap\">Giri\u015f Yap<\/button>\n\t\t\t<\/p>\n\t\t\t<p class=\"woocommerce-LostPassword lost_password\">\n\t\t\t\t<a href=\"https:\/\/caylashop.de\/?page_id=532&#038;lost-password\">Parolan\u0131z\u0131 m\u0131 unuttunuz?<\/a>\n\t\t\t<\/p>\n\n\t\t\t\n\t\t<\/form>\n\n\n\t<\/div>\n\n\t<div class=\"u-column2 col-2\">\n\n\t\t<h2>\u00dcye Ol<\/h2>\n\n\t\t<form method=\"post\" class=\"woocommerce-form woocommerce-form-register register\"  >\n\n\t\t\t\n\t\t\t\n\t\t\t<p class=\"woocommerce-form-row woocommerce-form-row--wide form-row form-row-wide\">\n\t\t\t\t<label for=\"reg_email\">E-posta adresi&nbsp;<span class=\"required\" aria-hidden=\"true\">*<\/span><span class=\"screen-reader-text\">Gerekli<\/span><\/label>\n\t\t\t\t<input type=\"email\" class=\"woocommerce-Input woocommerce-Input--text input-text\" name=\"email\" id=\"reg_email\" autocomplete=\"email\" value=\"\" required aria-required=\"true\" \/>\t\t\t<\/p>\n\n\t\t\t\n\t\t\t\t<p>Yeni parola olu\u015fturman\u0131z i\u00e7in e-posta adresinize bir ba\u011flant\u0131 g\u00f6nderilecek.<\/p>\n\n\t\t\t\n\t\t\t<wc-order-attribution-inputs><\/wc-order-attribution-inputs><div class=\"woocommerce-privacy-policy-text\"><p>Your personal data will be used to support your experience throughout this website, to manage access to your account, and for other purposes described in our <a href=\"\" class=\"woocommerce-privacy-policy-link\" target=\"_blank\">gizlilik ilkesi<\/a>.<\/p>\n<\/div>\n\t\t\t<p class=\"woocommerce-form-row form-row\">\n\t\t\t\t<input type=\"hidden\" id=\"woocommerce-register-nonce\" name=\"woocommerce-register-nonce\" value=\"4a2dc71667\" \/><input type=\"hidden\" name=\"_wp_http_referer\" value=\"\/index.php?rest_route=%2Fwp%2Fv2%2Fpages%2F532\" \/>\t\t\t\t<button type=\"submit\" class=\"woocommerce-Button woocommerce-button button woocommerce-form-register__submit\" name=\"register\" value=\"\u00dcye Ol\">\u00dcye Ol<\/button>\n\t\t\t<\/p>\n\n\t\t\t\n\t\t<\/form>\n\n\t<\/div>\n\n<\/div>\n\n<\/div><\/div>\n\t\t\t\t\t\t<\/div>\n\t\t\t\t<\/div>\n\t\t\t\t<\/div>\n\t\t<div class=\"elementor-element elementor-element-49012c6 e-flex e-con-boxed e-con e-parent\" data-id=\"49012c6\" data-element_type=\"container\" data-e-type=\"container\">\n\t\t\t\t\t<div class=\"e-con-inner\">\n\t\t\t\t<div class=\"elementor-element elementor-element-e8575db elementor-widget elementor-widget-dashboard_widget_1\" data-id=\"e8575db\" data-element_type=\"widget\" data-e-type=\"widget\" data-widget_type=\"dashboard_widget_1.default\">\n\t\t\t\t<div class=\"elementor-widget-container\">\n\t\t\t\t\t\n<p>\n\tHello <strong><\/strong> (not <strong><\/strong>? <a href=\"https:\/\/caylashop.de\/wp-login.php?action=logout&#038;redirect_to=https%3A%2F%2Fcaylashop.de%2F%3Fpage_id%3D532&#038;_wpnonce=c5c8303fc9\">Log out<\/a>)<\/p>\n\n<p>\n\tFrom your account dashboard you can view your <a href=\"https:\/\/caylashop.de\/?page_id=532&#038;orders\">recent orders<\/a>, manage your <a href=\"https:\/\/caylashop.de\/?page_id=532&#038;edit-address\">shipping and billing addresses<\/a>, and <a href=\"https:\/\/caylashop.de\/?page_id=532&#038;edit-account\">edit your password and account details<\/a>.<\/p>\n\n<div class=\"wcmtx-my-account-links wcmtx-grid column_03\">\n                 <div class=\"wcmamtx_dashboard_link dashboard-link \" style=\"background-color: #93c1a1; color:#334155;\">\n                \n                <a href=\"https:\/\/caylashop.de\/?page_id=532\" style=\"color:#334155;\">\n\n                                        \n                    <p class=\"wcmtx_icon_src\" style=\"color:#334155;\">\n                       \t\t\t\t<i class=\"fa fa-tachometer-alt\"><\/i>\n\t\t\t                   <\/p>\n\n                   Pano                   \n               <\/a>\n           <\/div>\n                       <div class=\"wcmamtx_dashboard_link orders-link \" style=\"background-color: #b4b771; color:#334155;\">\n                \n                <a href=\"https:\/\/caylashop.de\/?page_id=532&#038;orders\" style=\"color:#334155;\">\n\n                                        \n                    <p class=\"wcmtx_icon_src\" style=\"color:#334155;\">\n                       \t\t\t\t<i class=\"fa fa-shopping-basket\"><\/i>\n\t\t\t                   <\/p>\n\n                   Sipari\u015fler                   \n               <\/a>\n           <\/div>\n                       <div class=\"wcmamtx_dashboard_link downloads-link \" style=\"background-color: #e3c5df; color:#334155;\">\n                \n                <a href=\"https:\/\/caylashop.de\/?page_id=532&#038;downloads\" style=\"color:#334155;\">\n\n                                        \n                    <p class=\"wcmtx_icon_src\" style=\"color:#334155;\">\n                       \t\t\t\t<i class=\"fa fa-file-download\"><\/i>\n\t\t\t                   <\/p>\n\n                   \u0130ndirmeler                   \n               <\/a>\n           <\/div>\n                       <div class=\"wcmamtx_dashboard_link edit-address-link \" style=\"background-color: #9ffcec; color:#334155;\">\n                \n                <a href=\"https:\/\/caylashop.de\/?page_id=532&#038;edit-address\" style=\"color:#334155;\">\n\n                                        \n                    <p class=\"wcmtx_icon_src\" style=\"color:#334155;\">\n                       \t\t\t\t<i class=\"fa fa-home\"><\/i>\n\t\t\t                   <\/p>\n\n                   Adresler                   \n               <\/a>\n           <\/div>\n                       <div class=\"wcmamtx_dashboard_link edit-account-link \" style=\"background-color: #e8b9b0; color:#334155;\">\n                \n                <a href=\"https:\/\/caylashop.de\/?page_id=532&#038;edit-account\" style=\"color:#334155;\">\n\n                                        \n                    <p class=\"wcmtx_icon_src\" style=\"color:#334155;\">\n                       \t\t\t\t<i class=\"fa fa-user\"><\/i>\n\t\t\t                   <\/p>\n\n                   Hesap detaylar\u0131                   \n               <\/a>\n           <\/div>\n                          <div class=\"wcmamtx_dashboard_link payment-methods-link \" style=\"background-color: #d1c594; color:#334155;\">\n                \n                <a href=\"https:\/\/caylashop.de\/?page_id=532&#038;payment-methods\" style=\"color:#334155;\">\n\n                                        \n                    <p class=\"wcmtx_icon_src\" style=\"color:#334155;\">\n                       \t\t\t\t<i class=\"fa fa-file-alt\"><\/i>\n\t\t\t                   <\/p>\n\n                   \u00d6deme y\u00f6ntemleri                   \n               <\/a>\n           <\/div>\n          <\/div>\t\t\t\t<\/div>\n\t\t\t\t<\/div>\n\t\t\t\t\t<\/div>\n\t\t\t\t<\/div>\n\t\t\t\t<\/div>\n\t\t","protected":false},"excerpt":{"rendered":"<p>Hello (not ? Log out) From your account dashboard you can view your recent orders, manage your shipping and billing addresses, and edit your password and account details.<\/p>\n","protected":false},"author":1,"featured_media":0,"parent":0,"menu_order":0,"comment_status":"closed","ping_status":"closed","template":"","meta":{"zakra_page_container_layout":"contained","zakra_page_sidebar_layout":"no_sidebar","zakra_remove_content_margin":false,"zakra_sidebar":"customizer","zakra_transparent_header":"customizer","zakra_logo":0,"zakra_main_header_style":"default","zakra_menu_item_color":"","zakra_menu_item_hover_color":"","zakra_menu_item_active_color":"","zakra_menu_active_style":"","zakra_page_header":true,"om_disable_all_campaigns":false,"_monsterinsights_skip_tracking":false,"_monsterinsights_sitenote_active":false,"_monsterinsights_sitenote_note":"","_monsterinsights_sitenote_category":0,"footnotes":""},"class_list":["post-532","page","type-page","status-publish","hentry"],"aioseo_notices":[],"jetpack_sharing_enabled":true,"_links":{"self":[{"href":"https:\/\/caylashop.de\/index.php?rest_route=\/wp\/v2\/pages\/532","targetHints":{"allow":["GET"]}}],"collection":[{"href":"https:\/\/caylashop.de\/index.php?rest_route=\/wp\/v2\/pages"}],"about":[{"href":"https:\/\/caylashop.de\/index.php?rest_route=\/wp\/v2\/types\/page"}],"author":[{"embeddable":true,"href":"https:\/\/caylashop.de\/index.php?rest_route=\/wp\/v2\/users\/1"}],"replies":[{"embeddable":true,"href":"https:\/\/caylashop.de\/index.php?rest_route=%2Fwp%2Fv2%2Fcomments&post=532"}],"version-history":[{"count":26,"href":"https:\/\/caylashop.de\/index.php?rest_route=\/wp\/v2\/pages\/532\/revisions"}],"predecessor-version":[{"id":578,"href":"https:\/\/caylashop.de\/index.php?rest_route=\/wp\/v2\/pages\/532\/revisions\/578"}],"wp:attachment":[{"href":"https:\/\/caylashop.de\/index.php?rest_route=%2Fwp%2Fv2%2Fmedia&parent=532"}],"curies":[{"name":"wp","href":"https:\/\/api.w.org\/{rel}","templated":true}]}}