{"id":207,"date":"2023-12-29T13:40:48","date_gmt":"2023-12-29T12:40:48","guid":{"rendered":"https:\/\/caylashop.de\/?page_id=207"},"modified":"2024-01-08T22:06:49","modified_gmt":"2024-01-08T21:06:49","slug":"marmeladen","status":"publish","type":"page","link":"https:\/\/caylashop.de\/?page_id=207","title":{"rendered":"Marmeladen"},"content":{"rendered":"<div class=\"\" style=\"\" >\n    \n    <section class=\"u-align-center u-clearfix u-image u-image-contain u-section-2\" src=\"\" data-image-width=\"1887\" data-image-height=\"159\" id=\"sec-1f18\" style=\"background-image: url(&quot;https:\/\/caylashop.de\/wp-content\/uploads\/2024\/01\/43vvv.jpg&quot;);\">\n      <div class=\"u-clearfix u-sheet u-sheet-1\">\n        <h1 class=\"u-align-left u-custom-font u-font-oswald u-text u-text-default u-title u-text-1\">RE\u00c7EL<\/h1>\n      <\/div>\n    <\/section>\n    <section class=\"u-align-center u-clearfix u-image u-shading u-section-3\" id=\"sec-0a93\" data-image-width=\"2560\" data-image-height=\"1708\" style=\"background-image: linear-gradient(0deg, rgba(255, 255, 255, 0.75), rgba(255, 255, 255, 0.75)), url(&quot;https:\/\/caylashop.de\/wp-content\/uploads\/2023\/12\/white-painted-wall-texture-background-min-scaled.jpg&quot;);\">\n      <div class=\"u-clearfix u-sheet u-sheet-1\">\n        <img decoding=\"async\" class=\"u-align-right u-expanded-width-xs u-image u-image-default u-image-1\" src=\"https:\/\/caylashop.de\/wp-content\/uploads\/2024\/01\/41755424.jpg\" alt=\"\" data-image-width=\"1000\" data-image-height=\"1056\"><!--products_options_json--><!--{\"type\":\"products-category\",\"source\":\"Re\u00e7el\",\"tags\":\"\",\"count\":\"\"}--><!--\/products_options_json-->\n        <div class=\"u-align-center u-expanded-width-xs u-layout-grid u-products u-products-1 u-cms u-hidden-visibility\"  data-site-sorting-prop=\"created\" data-products-id=\"1\" data-products-id=\"1\" data-products-datasource=\"cms\" data-site-sorting-order=\"desc\" data-items-per-page=\"3\">\n          <div class=\"u-list-control\"><\/div>\n          <div class=\"u-repeater u-repeater-1\">\n            <div class=\"u-align-left u-container-style u-products-item u-repeater-item u-shape-rectangle\">\n              <div class=\"u-container-layout u-similar-container u-container-layout-1\">\n                <img decoding=\"async\" alt=\"\" class=\"custom-expanded u-align-center u-image u-image-contain u-image-default u-product-control u-image-2\" src=\"https:\/\/caylashop.de\/wp-content\/uploads\/2024\/01\/3-1.jpg\" style=\"cursor:pointer;\" data-product-control=\"https:\/\/caylashop.de\/?product=cevizli-kuru-incir-receli\">\n                <h4 class=\"u-align-center-lg u-align-center-md u-align-center-sm u-align-center-xl u-custom-font u-product-control u-text u-text-black u-text-1\">\n                  <a class=\"u-product-title-link\" href=\"https:\/\/caylashop.de\/?product=cevizli-kuru-incir-receli\">Cevizli Kuru Incir Receli<\/a>\n                <\/h4>\n                <div class=\"u-align-center u-custom-font u-product-control u-product-price u-product-price-1\" data-add-zero-cents=\"true\">\n                  <div class=\"u-price-wrapper u-spacing-10\">\n                    <div class=\"u-old-price u-text-black\">  <\/div>\n                    <div class=\"u-price u-text-palette-2-base\" style=\"font-size: 1.25rem; font-weight: 700;\"> <span class=\"woocommerce-Price-amount amount\"><bdi>5,99&nbsp;<span class=\"woocommerce-Price-currencySymbol\">&euro;<\/span><\/bdi><\/span><span style=\"color:rgb(0, 0, 0);margin-left: 6px;font-size: 94%;\"><\/span> <\/div>\n                  <\/div>\n                <\/div>\n                <a data-quantity=\"1\" data-product_id=\"1052\" data-product_sku=\"cevizli-kuru-incir-receli\" href=\"\/index.php?rest_route=%2Fwp%2Fv2%2Fpages%2F207&#038;add-to-cart=1052\" class=\" u-align-center u-border-2 u-border-grey-25 u-btn u-btn-rectangle u-button-style u-custom-font u-none u-product-control u-text-body-color u-btn-1   button product_type_simple add_to_cart_button ajax_add_to_cart\" data-product-button-click-type=\"buy-now\" data-product-id=\"\">\u200b\u200bHemen Al<\/a>\n              <\/div>\n            <\/div>\n            <div class=\"u-align-left u-container-style u-products-item u-repeater-item u-shape-rectangle\">\n              <div class=\"u-container-layout u-similar-container u-container-layout-2\">\n                <img decoding=\"async\" alt=\"\" class=\"custom-expanded u-align-center u-image u-image-contain u-image-default u-product-control u-image-3\" src=\"https:\/\/caylashop.de\/wp-content\/uploads\/2024\/01\/1.jpg\" style=\"cursor:pointer;\" data-product-control=\"https:\/\/caylashop.de\/?product=citir-kabak-receli\">\n                <h4 class=\"u-align-center-lg u-align-center-md u-align-center-sm u-align-center-xl u-custom-font u-product-control u-text u-text-black u-text-2\">\n                  <a class=\"u-product-title-link\" href=\"https:\/\/caylashop.de\/?product=citir-kabak-receli\">Citir Kabak Receli<\/a>\n                <\/h4>\n                <div class=\"u-align-center u-custom-font u-product-control u-product-price u-product-price-2\" data-add-zero-cents=\"true\">\n                  <div class=\"u-price-wrapper u-spacing-10\">\n                    <div class=\"u-old-price u-text-black\">  <\/div>\n                    <div class=\"u-price u-text-palette-2-base\" style=\"font-size: 1.25rem; font-weight: 700;\"> <span class=\"woocommerce-Price-amount amount\"><bdi>5,99&nbsp;<span class=\"woocommerce-Price-currencySymbol\">&euro;<\/span><\/bdi><\/span><span style=\"color:rgb(0, 0, 0);margin-left: 6px;font-size: 94%;\"><\/span> <\/div>\n                  <\/div>\n                <\/div>\n                <a data-quantity=\"1\" data-product_id=\"1050\" data-product_sku=\"citir-kabak-receli\" href=\"\/index.php?rest_route=%2Fwp%2Fv2%2Fpages%2F207&#038;add-to-cart=1050\" class=\" u-align-center u-border-2 u-border-grey-25 u-btn u-btn-rectangle u-button-style u-custom-font u-none u-product-control u-text-body-color u-btn-2   button product_type_simple add_to_cart_button ajax_add_to_cart\" data-product-button-click-type=\"buy-now\" data-product-id=\"\">\u200b\u200bHemen Al<\/a>\n              <\/div>\n            <\/div>\n            <div class=\"u-align-left u-container-style u-products-item u-repeater-item u-shape-rectangle\">\n              <div class=\"u-container-layout u-similar-container u-container-layout-3\">\n                <img decoding=\"async\" alt=\"\" class=\"u-align-center u-image u-image-contain u-image-default u-product-control u-image-4\" src=\"https:\/\/caylashop.de\/wp-content\/uploads\/2024\/01\/2.jpg\" style=\"cursor:pointer;\" data-product-control=\"https:\/\/caylashop.de\/?product=visne-receli\">\n                <h4 class=\"u-align-center-lg u-align-center-md u-align-center-sm u-align-center-xl u-custom-font u-product-control u-text u-text-black u-text-3\">\n                  <a class=\"u-product-title-link\" href=\"https:\/\/caylashop.de\/?product=visne-receli\">V\u0130\u015eNE RE\u00c7EL\u0130<\/a>\n                <\/h4>\n                <div class=\"u-align-center u-custom-font u-product-control u-product-price u-product-price-3\" data-add-zero-cents=\"true\">\n                  <div class=\"u-price-wrapper u-spacing-10\">\n                    <div class=\"u-old-price u-text-black\">  <\/div>\n                    <div class=\"u-price u-text-palette-2-base\" style=\"font-size: 1.25rem; font-weight: 700;\"> <span class=\"woocommerce-Price-amount amount\"><bdi>6,99&nbsp;<span class=\"woocommerce-Price-currencySymbol\">&euro;<\/span><\/bdi><\/span><span style=\"color:rgb(0, 0, 0);margin-left: 6px;font-size: 94%;\"><\/span> <\/div>\n                  <\/div>\n                <\/div>\n                <a data-quantity=\"1\" data-product_id=\"1048\" data-product_sku=\"visne-receli\" href=\"\/index.php?rest_route=%2Fwp%2Fv2%2Fpages%2F207&#038;add-to-cart=1048\" class=\" u-align-center u-border-2 u-border-grey-25 u-btn u-btn-rectangle u-button-style u-custom-font u-none u-product-control u-text-body-color u-btn-3   button product_type_simple add_to_cart_button ajax_add_to_cart\" data-product-button-click-type=\"buy-now\" data-product-id=\"\">\u200b\u200bHemen Al<\/a>\n              <\/div>\n            <\/div>\n          <\/div>\n          <div class=\"u-list-control\"><\/div>\n        <\/div>\n      <\/div>\n    <\/section>\n    <section class=\"u-clearfix u-palette-1-dark-3 u-section-4\" id=\"carousel_7bc0\">\n      <div class=\"u-clearfix u-sheet u-sheet-1\">\n        <div class=\"data-layout-selected u-clearfix u-expanded-width u-layout-wrap u-layout-wrap-1\">\n          <div class=\"u-layout\">\n            <div class=\"u-layout-row\">\n              <div class=\"u-align-left u-container-style u-layout-cell u-left-cell u-size-32-md u-size-32-sm u-size-32-xs u-size-35-lg u-size-35-xl u-layout-cell-1\">\n                <div class=\"u-container-layout u-valign-top-xs u-container-layout-1\">\n                  <h3 class=\"u-text u-text-palette-1-base u-text-1\"> Satisfied Customers From Around the World<\/h3>\n                  <p class=\"u-text u-text-2\"> Duis aute irure dolor in reprehenderit in voluptate velit esse cillum dolore eu fugiat nulla pariatur. Excepteur sint occaecat cupidatat non proident, sunt in culpa qui officia deserunt mollit anim id est laborum.<\/p>\n                <\/div>\n              <\/div>\n              <div class=\"u-container-align-center-xs u-container-style u-image u-image-contain u-layout-cell u-right-cell u-size-25-lg u-size-25-xl u-size-28-md u-size-28-sm u-size-28-xs u-image-1\" data-image-width=\"2152\" data-image-height=\"1804\" style=\"background-image: url(&quot;https:\/\/caylashop.de\/wp-content\/uploads\/2023\/12\/fffffff-2.png&quot;);\">\n                <div class=\"u-container-layout u-valign-bottom u-container-layout-2\"><\/div>\n              <\/div>\n            <\/div>\n          <\/div>\n        <\/div>\n      <\/div>\n    <\/section>\n    \n    \n    \n    \n  \n<\/div>","protected":false},"excerpt":{"rendered":"<p>RE\u00c7EL Cevizli Kuru Incir Receli 5,99&nbsp;&euro; \u200b\u200bHemen Al Citir Kabak Receli 5,99&nbsp;&euro; \u200b\u200bHemen Al V\u0130\u015eNE RE\u00c7EL\u0130 6,99&nbsp;&euro; \u200b\u200bHemen Al Satisfied Customers From Around the World Duis aute irure dolor in reprehenderit in voluptate velit esse cillum dolore eu fugiat nulla pariatur. Excepteur sint occaecat cupidatat non proident, sunt in culpa qui officia deserunt mollit anim [&hellip;]<\/p>\n","protected":false},"author":1,"featured_media":0,"parent":0,"menu_order":0,"comment_status":"closed","ping_status":"closed","template":"","meta":{"zakra_page_container_layout":"customizer","zakra_page_sidebar_layout":"customizer","zakra_remove_content_margin":false,"zakra_sidebar":"customizer","zakra_transparent_header":"customizer","zakra_logo":0,"zakra_main_header_style":"default","zakra_menu_item_color":"","zakra_menu_item_hover_color":"","zakra_menu_item_active_color":"","zakra_menu_active_style":"","zakra_page_header":true,"om_disable_all_campaigns":false,"_monsterinsights_skip_tracking":false,"_monsterinsights_sitenote_active":false,"_monsterinsights_sitenote_note":"","_monsterinsights_sitenote_category":0,"footnotes":""},"class_list":["post-207","page","type-page","status-publish","hentry"],"aioseo_notices":[],"jetpack_sharing_enabled":true,"_links":{"self":[{"href":"https:\/\/caylashop.de\/index.php?rest_route=\/wp\/v2\/pages\/207","targetHints":{"allow":["GET"]}}],"collection":[{"href":"https:\/\/caylashop.de\/index.php?rest_route=\/wp\/v2\/pages"}],"about":[{"href":"https:\/\/caylashop.de\/index.php?rest_route=\/wp\/v2\/types\/page"}],"author":[{"embeddable":true,"href":"https:\/\/caylashop.de\/index.php?rest_route=\/wp\/v2\/users\/1"}],"replies":[{"embeddable":true,"href":"https:\/\/caylashop.de\/index.php?rest_route=%2Fwp%2Fv2%2Fcomments&post=207"}],"version-history":[{"count":21,"href":"https:\/\/caylashop.de\/index.php?rest_route=\/wp\/v2\/pages\/207\/revisions"}],"predecessor-version":[{"id":1217,"href":"https:\/\/caylashop.de\/index.php?rest_route=\/wp\/v2\/pages\/207\/revisions\/1217"}],"wp:attachment":[{"href":"https:\/\/caylashop.de\/index.php?rest_route=%2Fwp%2Fv2%2Fmedia&parent=207"}],"curies":[{"name":"wp","href":"https:\/\/api.w.org\/{rel}","templated":true}]}}