{"id":1134,"date":"2024-01-08T15:10:22","date_gmt":"2024-01-08T14:10:22","guid":{"rendered":"https:\/\/caylashop.de\/?page_id=1134"},"modified":"2024-01-08T22:19:03","modified_gmt":"2024-01-08T21:19:03","slug":"getrocknete-fruchte","status":"publish","type":"page","link":"https:\/\/caylashop.de\/?page_id=1134","title":{"rendered":"Getrocknete Fr\u00fcchte"},"content":{"rendered":"<div class=\"\" style=\"\" >\n    \n    <section class=\"u-clearfix u-container-align-center u-image u-image-contain u-section-2\" id=\"sec-e72a\" data-image-width=\"1887\" data-image-height=\"159\" style=\"background-image: url(&quot;https:\/\/caylashop.de\/wp-content\/uploads\/2024\/01\/43vvv.jpg&quot;);\">\n      <div class=\"u-clearfix u-sheet u-sheet-1\"><\/div>\n    <\/section>\n    <section class=\"u-align-center u-clearfix u-section-3\" id=\"sec-9d6d\">\n      <div class=\"u-clearfix u-sheet u-valign-middle u-sheet-1\"><!--products_options_json--><!--{\"type\":\"products-category\",\"source\":\"k\u00fcr\u00fc\",\"tags\":\"\",\"count\":\"10\"}--><!--\/products_options_json-->\n        <div class=\"u-align-center u-expanded-width-xs u-products u-sorting-left u-products-1 u-cms u-hidden-visibility\"  data-site-sorting-prop=\"price\" data-site-sorting-order=\"asc\" data-items-per-page=\"8\" data-products-id=\"1\" data-products-datasource=\"cms\" data-max-items=\"10\">\n          <div class=\"has-categories-listbox has-sorting u-list-control\">\n            <div class=\"u-sorting\">\n              <select aria-label=\"Sorting items by\" name=\"sorting\" class=\"u-grey-10 u-input u-select-sorting u-input-1\">\n                <option value=\"default\">Default sorting<\/option><option value=\"popularity\">Sort by popularity<\/option><option value=\"rating\">Sort by average rating<\/option><option value=\"date\">Sort by latest<\/option><option value=\"price\">Sort by price: low to high<\/option><option value=\"price-desc\">Sort by price: high to low<\/option>\n              <\/select>\n              <svg class=\"u-caret u-caret-svg\" version=\"1.1\" id=\"Layer_1\" xmlns=\"http:\/\/www.w3.org\/2000\/svg\" xmlns:xlink=\"http:\/\/www.w3.org\/1999\/xlink\" x=\"0px\" y=\"0px\" width=\"16px\" height=\"16px\" viewBox=\"0 0 16 16\" style=\"fill:currentColor;\" xml:space=\"preserve\"><polygon class=\"st0\" points=\"8,12 2,4 14,4 \"><\/polygon><\/svg>\n            <\/div>\n          <\/div>\n          <div class=\"u-repeater u-repeater-1\">\n            <div class=\"u-align-left u-container-style u-products-item u-repeater-item u-white u-repeater-item-1\">\n              <div class=\"u-container-layout u-similar-container u-container-layout-1\">\n                <img decoding=\"async\" alt=\"\" class=\"custom-expanded u-image u-image-contain u-image-default u-product-control u-image-1\" src=\"https:\/\/caylashop.de\/wp-content\/uploads\/2024\/01\/9.jpg\" style=\"cursor:pointer;\" data-product-control=\"https:\/\/caylashop.de\/?product=orange\">\n                <h4 class=\"u-align-center-lg u-align-center-md u-align-center-sm u-align-center-xl u-custom-font u-font-oswald u-product-control u-text u-text-1\">\n                  <a class=\"u-product-title-link\" href=\"https:\/\/caylashop.de\/?product=orange\">Orange<\/a>\n                <\/h4>\n                <div class=\"u-align-center u-custom-font u-font-oswald u-product-control u-product-price u-product-price-1\" data-add-zero-cents=\"true\">\n                  <div class=\"u-price-wrapper u-spacing-10\">\n                    <div class=\"u-old-price\" style=\"font-size: 0.875rem; text-decoration: line-through !important;\">  <\/div>\n                    <div class=\"u-price u-text-palette-2-base\" style=\"font-size: 1rem; font-weight: 700;\"> <span class=\"woocommerce-Price-amount amount\"><bdi>2,99&nbsp;<span class=\"woocommerce-Price-currencySymbol\">&euro;<\/span><\/bdi><\/span><span style=\"color:rgb(0, 0, 0);margin-left: 6px;font-size: 94%;\"><\/span> <\/div>\n                  <\/div>\n                <\/div>\n                <a data-quantity=\"1\" data-product_id=\"1036\" data-product_sku=\"orange\" href=\"\/index.php?rest_route=%2Fwp%2Fv2%2Fpages%2F1134&#038;add-to-cart=1036\" class=\" u-align-center-lg u-align-center-md u-align-center-sm u-align-center-xl u-align-right-xs u-border-2 u-border-grey-25 u-btn u-btn-rectangle u-button-style u-custom-font u-font-oswald u-none u-product-control u-text-body-color u-btn-1   button product_type_simple add_to_cart_button ajax_add_to_cart\" data-product-button-click-type=\"buy-now\" data-product-id=\"\">\u200b\u200bHemen Al<\/a>\n              <\/div>\n            <\/div>\n            <div class=\"u-align-left u-container-style u-products-item u-repeater-item u-white u-repeater-item-2\">\n              <div class=\"u-container-layout u-similar-container u-container-layout-2\">\n                <img decoding=\"async\" alt=\"\" class=\"custom-expanded u-image u-image-contain u-image-default u-product-control u-image-2\" src=\"https:\/\/caylashop.de\/wp-content\/uploads\/2024\/01\/8.jpg\" style=\"cursor:pointer;\" data-product-control=\"https:\/\/caylashop.de\/?product=portakal-elma\">\n                <h4 class=\"u-align-center-lg u-align-center-md u-align-center-sm u-align-center-xl u-custom-font u-font-oswald u-product-control u-text u-text-2\">\n                  <a class=\"u-product-title-link\" href=\"https:\/\/caylashop.de\/?product=portakal-elma\">Portakal Elma<\/a>\n                <\/h4>\n                <div class=\"u-align-center u-custom-font u-font-oswald u-product-control u-product-price u-product-price-2\" data-add-zero-cents=\"true\">\n                  <div class=\"u-price-wrapper u-spacing-10\">\n                    <div class=\"u-old-price\" style=\"font-size: 0.875rem; text-decoration: line-through !important;\">  <\/div>\n                    <div class=\"u-price u-text-palette-2-base\" style=\"font-size: 1rem; font-weight: 700;\"> <span class=\"woocommerce-Price-amount amount\"><bdi>2,99&nbsp;<span class=\"woocommerce-Price-currencySymbol\">&euro;<\/span><\/bdi><\/span><span style=\"color:rgb(0, 0, 0);margin-left: 6px;font-size: 94%;\"><\/span> <\/div>\n                  <\/div>\n                <\/div>\n                <a data-quantity=\"1\" data-product_id=\"1038\" data-product_sku=\"portakal-elma\" href=\"\/index.php?rest_route=%2Fwp%2Fv2%2Fpages%2F1134&#038;add-to-cart=1038\" class=\" u-align-center-lg u-align-center-md u-align-center-sm u-align-center-xl u-align-right-xs u-border-2 u-border-grey-25 u-btn u-btn-rectangle u-button-style u-custom-font u-font-oswald u-none u-product-control u-text-body-color u-btn-2   button product_type_simple add_to_cart_button ajax_add_to_cart\" data-product-button-click-type=\"buy-now\" data-product-id=\"\">\u200b\u200bHemen Al<\/a>\n              <\/div>\n            <\/div>\n            <div class=\"u-align-left u-container-style u-products-item u-repeater-item u-white u-repeater-item-3\">\n              <div class=\"u-container-layout u-similar-container u-container-layout-3\">\n                <img decoding=\"async\" alt=\"\" class=\"custom-expanded u-image u-image-contain u-image-default u-product-control u-image-3\" src=\"https:\/\/caylashop.de\/wp-content\/uploads\/2024\/01\/7.jpg\" style=\"cursor:pointer;\" data-product-control=\"https:\/\/caylashop.de\/?product=uzum\">\n                <h4 class=\"u-align-center-lg u-align-center-md u-align-center-sm u-align-center-xl u-custom-font u-font-oswald u-product-control u-text u-text-3\">\n                  <a class=\"u-product-title-link\" href=\"https:\/\/caylashop.de\/?product=uzum\">\u00dcz\u00fcm<\/a>\n                <\/h4>\n                <div class=\"u-align-center u-custom-font u-font-oswald u-product-control u-product-price u-product-price-3\" data-add-zero-cents=\"true\">\n                  <div class=\"u-price-wrapper u-spacing-10\">\n                    <div class=\"u-old-price\" style=\"font-size: 0.875rem; text-decoration: line-through !important;\">  <\/div>\n                    <div class=\"u-price u-text-palette-2-base\" style=\"font-size: 1rem; font-weight: 700;\"> <span class=\"woocommerce-Price-amount amount\"><bdi>2,99&nbsp;<span class=\"woocommerce-Price-currencySymbol\">&euro;<\/span><\/bdi><\/span><span style=\"color:rgb(0, 0, 0);margin-left: 6px;font-size: 94%;\"><\/span> <\/div>\n                  <\/div>\n                <\/div>\n                <a data-quantity=\"1\" data-product_id=\"1040\" data-product_sku=\"uzum\" href=\"\/index.php?rest_route=%2Fwp%2Fv2%2Fpages%2F1134&#038;add-to-cart=1040\" class=\" u-align-center-lg u-align-center-md u-align-center-sm u-align-center-xl u-align-right-xs u-border-2 u-border-grey-25 u-btn u-btn-rectangle u-button-style u-custom-font u-font-oswald u-none u-product-control u-text-body-color u-btn-3   button product_type_simple add_to_cart_button ajax_add_to_cart\" data-product-button-click-type=\"buy-now\" data-product-id=\"\">\u200b\u200bHemen Al<\/a>\n              <\/div>\n            <\/div>\n            <div class=\"u-align-left u-container-style u-products-item u-repeater-item u-white u-repeater-item-4\">\n              <div class=\"u-container-layout u-similar-container u-container-layout-4\">\n                <img decoding=\"async\" alt=\"\" class=\"custom-expanded u-image u-image-contain u-image-default u-product-control u-image-4\" src=\"https:\/\/caylashop.de\/wp-content\/uploads\/2024\/01\/5.jpg\" style=\"cursor:pointer;\" data-product-control=\"https:\/\/caylashop.de\/?product=kiwi\">\n                <h4 class=\"u-align-center-lg u-align-center-md u-align-center-sm u-align-center-xl u-custom-font u-font-oswald u-product-control u-text u-text-4\">\n                  <a class=\"u-product-title-link\" href=\"https:\/\/caylashop.de\/?product=kiwi\">kiwi<\/a>\n                <\/h4>\n                <div class=\"u-align-center u-custom-font u-font-oswald u-product-control u-product-price u-product-price-4\" data-add-zero-cents=\"true\">\n                  <div class=\"u-price-wrapper u-spacing-10\">\n                    <div class=\"u-old-price\" style=\"font-size: 0.875rem; text-decoration: line-through !important;\">  <\/div>\n                    <div class=\"u-price u-text-palette-2-base\" style=\"font-size: 1rem; font-weight: 700;\"> <span class=\"woocommerce-Price-amount amount\"><bdi>2,99&nbsp;<span class=\"woocommerce-Price-currencySymbol\">&euro;<\/span><\/bdi><\/span><span style=\"color:rgb(0, 0, 0);margin-left: 6px;font-size: 94%;\"><\/span> <\/div>\n                  <\/div>\n                <\/div>\n                <a data-quantity=\"1\" data-product_id=\"1044\" data-product_sku=\"kiwi\" href=\"\/index.php?rest_route=%2Fwp%2Fv2%2Fpages%2F1134&#038;add-to-cart=1044\" class=\" u-align-center-lg u-align-center-md u-align-center-sm u-align-center-xl u-align-right-xs u-border-2 u-border-grey-25 u-btn u-btn-rectangle u-button-style u-custom-font u-font-oswald u-none u-product-control u-text-body-color u-btn-4   button product_type_simple add_to_cart_button ajax_add_to_cart\" data-product-button-click-type=\"buy-now\" data-product-id=\"\">\u200b\u200bHemen Al<\/a>\n              <\/div>\n            <\/div>\n            <div class=\"u-align-left u-container-style u-products-item u-repeater-item u-white u-repeater-item-5\">\n              <div class=\"u-container-layout u-similar-container u-container-layout-5\">\n                <img decoding=\"async\" alt=\"\" class=\"custom-expanded u-image u-image-contain u-image-default u-product-control u-image-5\" src=\"https:\/\/caylashop.de\/wp-content\/uploads\/2024\/01\/17.jpg\" style=\"cursor:pointer;\" data-product-control=\"https:\/\/caylashop.de\/?product=limon-sarimsak-kuru\">\n                <h4 class=\"u-align-center-lg u-align-center-md u-align-center-sm u-align-center-xl u-custom-font u-font-oswald u-product-control u-text u-text-5\">\n                  <a class=\"u-product-title-link\" href=\"https:\/\/caylashop.de\/?product=limon-sarimsak-kuru\">limon sar\u0131msak k\u00fcr\u00fc<\/a>\n                <\/h4>\n                <div class=\"u-align-center u-custom-font u-font-oswald u-product-control u-product-price u-product-price-5\" data-add-zero-cents=\"true\">\n                  <div class=\"u-price-wrapper u-spacing-10\">\n                    <div class=\"u-old-price\" style=\"font-size: 0.875rem; text-decoration: line-through !important;\">  <\/div>\n                    <div class=\"u-price u-text-palette-2-base\" style=\"font-size: 1rem; font-weight: 700;\"> <span class=\"woocommerce-Price-amount amount\"><bdi>9,99&nbsp;<span class=\"woocommerce-Price-currencySymbol\">&euro;<\/span><\/bdi><\/span><span style=\"color:rgb(0, 0, 0);margin-left: 6px;font-size: 94%;\"><\/span> <\/div>\n                  <\/div>\n                <\/div>\n                <a data-quantity=\"1\" data-product_id=\"1017\" data-product_sku=\"limon-sarimsak-kuru\" href=\"\/index.php?rest_route=%2Fwp%2Fv2%2Fpages%2F1134&#038;add-to-cart=1017\" class=\" u-align-center-lg u-align-center-md u-align-center-sm u-align-center-xl u-align-right-xs u-border-2 u-border-grey-25 u-btn u-btn-rectangle u-button-style u-custom-font u-font-oswald u-none u-product-control u-text-body-color u-btn-5   button product_type_simple add_to_cart_button ajax_add_to_cart\" data-product-button-click-type=\"buy-now\" data-product-id=\"\">\u200b\u200bHemen Al<\/a>\n              <\/div>\n            <\/div>\n          <\/div>\n          <div class=\"u-list-control\"><\/div>\n        <\/div>\n      <\/div>\n    <\/section>\n    \n    \n    \n    \n  \n<\/div>","protected":false},"excerpt":{"rendered":"<p>Default sortingSort by popularitySort by average ratingSort by latestSort by price: low to highSort by price: high to low Orange 2,99&nbsp;&euro; \u200b\u200bHemen Al Portakal Elma 2,99&nbsp;&euro; \u200b\u200bHemen Al \u00dcz\u00fcm 2,99&nbsp;&euro; \u200b\u200bHemen Al kiwi 2,99&nbsp;&euro; \u200b\u200bHemen Al limon sar\u0131msak k\u00fcr\u00fc 9,99&nbsp;&euro; \u200b\u200bHemen Al<\/p>\n","protected":false},"author":1,"featured_media":0,"parent":0,"menu_order":0,"comment_status":"closed","ping_status":"closed","template":"","meta":{"zakra_page_container_layout":"customizer","zakra_page_sidebar_layout":"customizer","zakra_remove_content_margin":false,"zakra_sidebar":"customizer","zakra_transparent_header":"customizer","zakra_logo":0,"zakra_main_header_style":"default","zakra_menu_item_color":"","zakra_menu_item_hover_color":"","zakra_menu_item_active_color":"","zakra_menu_active_style":"","zakra_page_header":true,"om_disable_all_campaigns":false,"_monsterinsights_skip_tracking":false,"_monsterinsights_sitenote_active":false,"_monsterinsights_sitenote_note":"","_monsterinsights_sitenote_category":0,"footnotes":""},"class_list":["post-1134","page","type-page","status-publish","hentry"],"aioseo_notices":[],"jetpack_sharing_enabled":true,"_links":{"self":[{"href":"https:\/\/caylashop.de\/index.php?rest_route=\/wp\/v2\/pages\/1134","targetHints":{"allow":["GET"]}}],"collection":[{"href":"https:\/\/caylashop.de\/index.php?rest_route=\/wp\/v2\/pages"}],"about":[{"href":"https:\/\/caylashop.de\/index.php?rest_route=\/wp\/v2\/types\/page"}],"author":[{"embeddable":true,"href":"https:\/\/caylashop.de\/index.php?rest_route=\/wp\/v2\/users\/1"}],"replies":[{"embeddable":true,"href":"https:\/\/caylashop.de\/index.php?rest_route=%2Fwp%2Fv2%2Fcomments&post=1134"}],"version-history":[{"count":5,"href":"https:\/\/caylashop.de\/index.php?rest_route=\/wp\/v2\/pages\/1134\/revisions"}],"predecessor-version":[{"id":1220,"href":"https:\/\/caylashop.de\/index.php?rest_route=\/wp\/v2\/pages\/1134\/revisions\/1220"}],"wp:attachment":[{"href":"https:\/\/caylashop.de\/index.php?rest_route=%2Fwp%2Fv2%2Fmedia&parent=1134"}],"curies":[{"name":"wp","href":"https:\/\/api.w.org\/{rel}","templated":true}]}}